{"id":119,"date":"2025-12-18T22:50:17","date_gmt":"2025-12-18T22:50:17","guid":{"rendered":"https:\/\/fltchain.com\/?page_id=119"},"modified":"2025-12-19T00:30:57","modified_gmt":"2025-12-19T00:30:57","slug":"blog","status":"publish","type":"page","link":"https:\/\/fltchain.com\/fr\/blog\/","title":{"rendered":"Blog"},"content":{"rendered":"<div data-elementor-type=\"wp-page\" data-elementor-id=\"119\" class=\"elementor elementor-119\" data-elementor-post-type=\"page\">\n\t\t\t\t\t\t<section class=\"elementor-section elementor-top-section elementor-element elementor-element-4736c221 elementor-section-boxed elementor-section-height-default elementor-section-height-default\" data-id=\"4736c221\" data-element_type=\"section\" data-e-type=\"section\" data-settings=\"{&quot;background_background&quot;:&quot;classic&quot;,&quot;ekit_has_onepagescroll_dot&quot;:&quot;yes&quot;}\">\n\t\t\t\t\t\t\t<div class=\"elementor-background-overlay\"><\/div>\n\t\t\t\t\t\t\t<div class=\"elementor-container elementor-column-gap-default\">\n\t\t\t\t\t<div class=\"elementor-column elementor-col-50 elementor-top-column elementor-element elementor-element-369417dc\" data-id=\"369417dc\" data-element_type=\"column\" data-e-type=\"column\">\n\t\t\t<div class=\"elementor-widget-wrap elementor-element-populated\">\n\t\t\t\t\t\t<div class=\"elementor-element elementor-element-106efafa animated-fast elementor-invisible elementor-widget elementor-widget-heading\" data-id=\"106efafa\" data-element_type=\"widget\" data-e-type=\"widget\" data-settings=\"{&quot;_animation&quot;:&quot;fadeInLeft&quot;,&quot;ekit_we_effect_on&quot;:&quot;none&quot;}\" data-widget_type=\"heading.default\">\n\t\t\t\t\t<h2 class=\"elementor-heading-title elementor-size-default\">Blog<\/h2>\t\t\t\t<\/div>\n\t\t\t\t\t<\/div>\n\t\t<\/div>\n\t\t\t\t<div class=\"elementor-column elementor-col-50 elementor-top-column elementor-element elementor-element-54fec6ad\" data-id=\"54fec6ad\" data-element_type=\"column\" data-e-type=\"column\">\n\t\t\t<div class=\"elementor-widget-wrap elementor-element-populated\">\n\t\t\t\t\t\t<div class=\"elementor-element elementor-element-70dd8cae elementor-icon-list--layout-inline elementor-widget__width-auto elementor-list-item-link-full_width elementor-widget elementor-widget-icon-list\" data-id=\"70dd8cae\" data-element_type=\"widget\" data-e-type=\"widget\" data-settings=\"{&quot;_animation&quot;:&quot;none&quot;,&quot;ekit_we_effect_on&quot;:&quot;none&quot;}\" data-widget_type=\"icon-list.default\">\n\t\t\t\t\t\t\t<ul class=\"elementor-icon-list-items elementor-inline-items\">\n\t\t\t\t\t\t\t<li class=\"elementor-icon-list-item elementor-inline-item\">\n\t\t\t\t\t\t\t\t\t\t\t<a href=\"https:\/\/fltchain.com\/fr\">\n\n\t\t\t\t\t\t\t\t\t\t\t<span class=\"elementor-icon-list-text\">Accueil<\/span>\n\t\t\t\t\t\t\t\t\t\t\t<\/a>\n\t\t\t\t\t\t\t\t\t<\/li>\n\t\t\t\t\t\t\t\t<li class=\"elementor-icon-list-item elementor-inline-item\">\n\t\t\t\t\t\t\t\t\t\t\t<span class=\"elementor-icon-list-icon\">\n\t\t\t\t\t\t\t<i aria-hidden=\"true\" class=\"el el-chevron-right\"><\/i>\t\t\t\t\t\t<\/span>\n\t\t\t\t\t\t\t\t\t\t<span class=\"elementor-icon-list-text\">Blog<\/span>\n\t\t\t\t\t\t\t\t\t<\/li>\n\t\t\t\t\t\t<\/ul>\n\t\t\t\t\t\t<\/div>\n\t\t\t\t\t<\/div>\n\t\t<\/div>\n\t\t\t\t\t<\/div>\n\t\t<\/section>\n\t\t<div class=\"elementor-element elementor-element-a97d254 e-flex e-con-boxed e-con e-parent\" data-id=\"a97d254\" data-element_type=\"container\" data-e-type=\"container\" data-settings=\"{&quot;background_background&quot;:&quot;classic&quot;,&quot;ekit_has_onepagescroll_dot&quot;:&quot;yes&quot;}\">\n\t\t\t\t\t<div class=\"e-con-inner\">\n\t\t\t\t<div class=\"elementor-element elementor-element-f86b6af elementor-grid-3 elementor-grid-tablet-2 elementor-grid-mobile-1 elementor-posts--thumbnail-top elementor-widget elementor-widget-posts\" data-id=\"f86b6af\" data-element_type=\"widget\" data-e-type=\"widget\" data-settings=\"{&quot;pagination_type&quot;:&quot;numbers_and_prev_next&quot;,&quot;classic_columns&quot;:&quot;3&quot;,&quot;classic_columns_tablet&quot;:&quot;2&quot;,&quot;classic_columns_mobile&quot;:&quot;1&quot;,&quot;classic_row_gap&quot;:{&quot;unit&quot;:&quot;px&quot;,&quot;size&quot;:35,&quot;sizes&quot;:[]},&quot;classic_row_gap_laptop&quot;:{&quot;unit&quot;:&quot;px&quot;,&quot;size&quot;:&quot;&quot;,&quot;sizes&quot;:[]},&quot;classic_row_gap_tablet&quot;:{&quot;unit&quot;:&quot;px&quot;,&quot;size&quot;:&quot;&quot;,&quot;sizes&quot;:[]},&quot;classic_row_gap_mobile&quot;:{&quot;unit&quot;:&quot;px&quot;,&quot;size&quot;:&quot;&quot;,&quot;sizes&quot;:[]},&quot;ekit_we_effect_on&quot;:&quot;none&quot;}\" data-widget_type=\"posts.classic\">\n\t\t\t\t<div class=\"elementor-widget-container\">\n\t\t\t\t\t\t\t<div class=\"elementor-posts-container elementor-posts elementor-posts--skin-classic elementor-grid\" role=\"list\">\n\t\t\t\t<article class=\"elementor-post elementor-grid-item post-3355 post type-post status-publish format-standard has-post-thumbnail hentry category-blog\" role=\"listitem\">\n\t\t\t\t<a class=\"elementor-post__thumbnail__link\" href=\"https:\/\/fltchain.com\/fr\/why-use-egg-conveyor-system-in-poultry-farms\/\" tabindex=\"-1\" >\n\t\t\t<div class=\"elementor-post__thumbnail\"><img fetchpriority=\"high\" decoding=\"async\" width=\"800\" height=\"533\" src=\"https:\/\/fltchain.com\/wp-content\/uploads\/2026\/03\/Why-Use-Egg-Conveyor-System-in-Poultry-Farms_result-1773394249.png\" class=\"attachment-full size-full wp-image-3377\" alt=\"Why Use Egg Conveyor System in Poultry Farms\" srcset=\"https:\/\/fltchain.com\/wp-content\/uploads\/2026\/03\/Why-Use-Egg-Conveyor-System-in-Poultry-Farms_result-1773394249.png 800w, https:\/\/fltchain.com\/wp-content\/uploads\/2026\/03\/Why-Use-Egg-Conveyor-System-in-Poultry-Farms_result-1773394249-300x200.png 300w, https:\/\/fltchain.com\/wp-content\/uploads\/2026\/03\/Why-Use-Egg-Conveyor-System-in-Poultry-Farms_result-1773394249-768x512.png 768w, https:\/\/fltchain.com\/wp-content\/uploads\/2026\/03\/Why-Use-Egg-Conveyor-System-in-Poultry-Farms_result-1773394249-18x12.png 18w\" sizes=\"(max-width: 800px) 100vw, 800px\" \/><\/div>\n\t\t<\/a>\n\t\t\t\t<div class=\"elementor-post__text\">\n\t\t\t\t<h3 class=\"elementor-post__title\">\n\t\t\t<a href=\"https:\/\/fltchain.com\/fr\/why-use-egg-conveyor-system-in-poultry-farms\/\" >\n\t\t\t\tPourquoi utiliser un syst\u00e8me de convoyeur d'\u0153ufs dans les exploitations avicoles ?\t\t\t<\/a>\n\t\t<\/h3>\n\t\t\t\t<div class=\"elementor-post__meta-data\">\n\t\t\t\t\t<span class=\"elementor-post-date\">\n\t\t\t12 mars 2026\t\t<\/span>\n\t\t\t\t<\/div>\n\t\t\t\t<div class=\"elementor-post__excerpt\">\n\t\t\t<p>Qu'est-ce qu'un \u201csyst\u00e8me de convoyage des \u0153ufs\u201d dans les \u00e9levages de volailles ? Le \u201csyst\u00e8me de convoyage des \u0153ufs\u201d est un syst\u00e8me moderne de manutention des \u0153ufs dans les \u00e9levages de volailles, con\u00e7u pour transporter les \u0153ufs en toute s\u00e9curit\u00e9 et de mani\u00e8re efficace du poulailler au centre de stockage des \u0153ufs.<\/p>\n\t\t<\/div>\n\t\t\n\t\t<a class=\"elementor-post__read-more\" href=\"https:\/\/fltchain.com\/fr\/why-use-egg-conveyor-system-in-poultry-farms\/\" aria-label=\"Read more about Why Use Egg Conveyor System in Poultry Farms ?\" tabindex=\"-1\" >\n\t\t\tLire plus \u00bb\t\t<\/a>\n\n\t\t\t\t<\/div>\n\t\t\t\t<\/article>\n\t\t\t\t<article class=\"elementor-post elementor-grid-item post-152 post type-post status-publish format-standard has-post-thumbnail hentry category-blog\" role=\"listitem\">\n\t\t\t\t<a class=\"elementor-post__thumbnail__link\" href=\"https:\/\/fltchain.com\/fr\/how-to-extend-the-service-life-of-your-egg-conveyor-at-the-poultry-farm\/\" tabindex=\"-1\" >\n\t\t\t<div class=\"elementor-post__thumbnail\"><img decoding=\"async\" width=\"1000\" height=\"667\" src=\"https:\/\/fltchain.com\/wp-content\/uploads\/2025\/12\/How-to-Extend-the-Service-Life-of-Your-Egg-Conveyor-at-the-Poultry-Farm-1773803224.webp\" class=\"attachment-full size-full wp-image-3390\" alt=\"How to Extend the Service Life of Your Egg Conveyor at the Poultry Farm\" srcset=\"https:\/\/fltchain.com\/wp-content\/uploads\/2025\/12\/How-to-Extend-the-Service-Life-of-Your-Egg-Conveyor-at-the-Poultry-Farm-1773803224.webp 1000w, https:\/\/fltchain.com\/wp-content\/uploads\/2025\/12\/How-to-Extend-the-Service-Life-of-Your-Egg-Conveyor-at-the-Poultry-Farm-1773803224-300x200.webp 300w, https:\/\/fltchain.com\/wp-content\/uploads\/2025\/12\/How-to-Extend-the-Service-Life-of-Your-Egg-Conveyor-at-the-Poultry-Farm-1773803224-768x512.webp 768w, https:\/\/fltchain.com\/wp-content\/uploads\/2025\/12\/How-to-Extend-the-Service-Life-of-Your-Egg-Conveyor-at-the-Poultry-Farm-1773803224-18x12.webp 18w\" sizes=\"(max-width: 1000px) 100vw, 1000px\" \/><\/div>\n\t\t<\/a>\n\t\t\t\t<div class=\"elementor-post__text\">\n\t\t\t\t<h3 class=\"elementor-post__title\">\n\t\t\t<a href=\"https:\/\/fltchain.com\/fr\/how-to-extend-the-service-life-of-your-egg-conveyor-at-the-poultry-farm\/\" >\n\t\t\t\tComment prolonger la dur\u00e9e de vie de votre convoyeur d'\u0153ufs \u00e0 la ferme avicole ?\t\t\t<\/a>\n\t\t<\/h3>\n\t\t\t\t<div class=\"elementor-post__meta-data\">\n\t\t\t\t\t<span class=\"elementor-post-date\">\n\t\t\t1er d\u00e9cembre 2025\t\t<\/span>\n\t\t\t\t<\/div>\n\t\t\t\t<div class=\"elementor-post__excerpt\">\n\t\t\t<p>Une machine automatique de collecte d'\u0153ufs est un investissement important pour tout \u00e9levage de volailles. Lorsqu'elle fonctionne correctement, elle vous \u00e9pargne des heures de travail et prot\u00e8ge des milliers d'\u0153ufs. Cependant, comme toute pi\u00e8ce industrielle qui travaille dur, la machine de collecte d'\u0153ufs automatique est un investissement important pour tout \u00e9levage de volailles.<\/p>\n\t\t<\/div>\n\t\t\n\t\t<a class=\"elementor-post__read-more\" href=\"https:\/\/fltchain.com\/fr\/how-to-extend-the-service-life-of-your-egg-conveyor-at-the-poultry-farm\/\" aria-label=\"Read more about How to Extend the Service Life of Your Egg Conveyor at the Poultry Farm ?\" tabindex=\"-1\" >\n\t\t\tLire plus \u00bb\t\t<\/a>\n\n\t\t\t\t<\/div>\n\t\t\t\t<\/article>\n\t\t\t\t<article class=\"elementor-post elementor-grid-item post-139 post type-post status-publish format-standard has-post-thumbnail hentry category-blog\" role=\"listitem\">\n\t\t\t\t<a class=\"elementor-post__thumbnail__link\" href=\"https:\/\/fltchain.com\/fr\/the-complete-guide-to-galvanized-vs-stainless-steel-chains-which-is-right-for-your-project\/\" tabindex=\"-1\" >\n\t\t\t<div class=\"elementor-post__thumbnail\"><img decoding=\"async\" width=\"1280\" height=\"720\" src=\"https:\/\/fltchain.com\/wp-content\/uploads\/2025\/11\/1745406219639-1766102611.jpg\" class=\"attachment-full size-full wp-image-160\" alt=\"\" srcset=\"https:\/\/fltchain.com\/wp-content\/uploads\/2025\/11\/1745406219639-1766102611.jpg 1280w, https:\/\/fltchain.com\/wp-content\/uploads\/2025\/11\/1745406219639-1766102611-300x169.jpg 300w, https:\/\/fltchain.com\/wp-content\/uploads\/2025\/11\/1745406219639-1766102611-1024x576.jpg 1024w, https:\/\/fltchain.com\/wp-content\/uploads\/2025\/11\/1745406219639-1766102611-768x432.jpg 768w\" sizes=\"(max-width: 1280px) 100vw, 1280px\" \/><\/div>\n\t\t<\/a>\n\t\t\t\t<div class=\"elementor-post__text\">\n\t\t\t\t<h3 class=\"elementor-post__title\">\n\t\t\t<a href=\"https:\/\/fltchain.com\/fr\/the-complete-guide-to-galvanized-vs-stainless-steel-chains-which-is-right-for-your-project\/\" >\n\t\t\t\tLe guide complet des cha\u00eenes galvanis\u00e9es et des cha\u00eenes en acier inoxydable : Quelle est la meilleure solution pour votre projet ?\t\t\t<\/a>\n\t\t<\/h3>\n\t\t\t\t<div class=\"elementor-post__meta-data\">\n\t\t\t\t\t<span class=\"elementor-post-date\">\n\t\t\t22 novembre 2025\t\t<\/span>\n\t\t\t\t<\/div>\n\t\t\t\t<div class=\"elementor-post__excerpt\">\n\t\t\t<p>Lorsque vous cherchez \u00e0 acheter des cha\u00eenes industrielles - que ce soit pour le levage, l'arrimage de charges ou comme \u00e9l\u00e9ment d'une machine automatique de ramassage d'\u0153ufs - la question la plus fr\u00e9quente que nous entendons est la suivante : \u201cDois-je choisir l'acier galvanis\u00e9 ou l'acier inoxydable ?\u201d Choisir<\/p>\n\t\t<\/div>\n\t\t\n\t\t<a class=\"elementor-post__read-more\" href=\"https:\/\/fltchain.com\/fr\/the-complete-guide-to-galvanized-vs-stainless-steel-chains-which-is-right-for-your-project\/\" aria-label=\"Read more about The Complete Guide to Galvanized vs. Stainless Steel Chains: Which is Right for Your Project\" tabindex=\"-1\" >\n\t\t\tLire plus \u00bb\t\t<\/a>\n\n\t\t\t\t<\/div>\n\t\t\t\t<\/article>\n\t\t\t\t<article class=\"elementor-post elementor-grid-item post-137 post type-post status-publish format-standard has-post-thumbnail hentry category-blog\" role=\"listitem\">\n\t\t\t\t<a class=\"elementor-post__thumbnail__link\" href=\"https:\/\/fltchain.com\/fr\/how-automatic-egg-collecting-machines-can-reduce-breakage-rates-and-labor-costs\/\" tabindex=\"-1\" >\n\t\t\t<div class=\"elementor-post__thumbnail\"><img loading=\"lazy\" decoding=\"async\" width=\"1000\" height=\"667\" src=\"https:\/\/fltchain.com\/wp-content\/uploads\/2025\/09\/How-Automatic-Egg-Collecting-Machines-Can-Reduce-Breakage-Rates-and-Labor-Costs-1766103283.jpg\" class=\"attachment-full size-full wp-image-163\" alt=\"How Automatic Egg Collecting Machines Can Reduce Breakage Rates and Labor Costs\" srcset=\"https:\/\/fltchain.com\/wp-content\/uploads\/2025\/09\/How-Automatic-Egg-Collecting-Machines-Can-Reduce-Breakage-Rates-and-Labor-Costs-1766103283.jpg 1000w, https:\/\/fltchain.com\/wp-content\/uploads\/2025\/09\/How-Automatic-Egg-Collecting-Machines-Can-Reduce-Breakage-Rates-and-Labor-Costs-1766103283-300x200.jpg 300w, https:\/\/fltchain.com\/wp-content\/uploads\/2025\/09\/How-Automatic-Egg-Collecting-Machines-Can-Reduce-Breakage-Rates-and-Labor-Costs-1766103283-768x512.jpg 768w\" sizes=\"(max-width: 1000px) 100vw, 1000px\" \/><\/div>\n\t\t<\/a>\n\t\t\t\t<div class=\"elementor-post__text\">\n\t\t\t\t<h3 class=\"elementor-post__title\">\n\t\t\t<a href=\"https:\/\/fltchain.com\/fr\/how-automatic-egg-collecting-machines-can-reduce-breakage-rates-and-labor-costs\/\" >\n\t\t\t\tComment les machines automatiques de collecte d'\u0153ufs peuvent-elles r\u00e9duire les taux de casse et les co\u00fbts de main-d'\u0153uvre ?\t\t\t<\/a>\n\t\t<\/h3>\n\t\t\t\t<div class=\"elementor-post__meta-data\">\n\t\t\t\t\t<span class=\"elementor-post-date\">\n\t\t\t12 septembre 2025\t\t<\/span>\n\t\t\t\t<\/div>\n\t\t\t\t<div class=\"elementor-post__excerpt\">\n\t\t\t<p>Dans l'industrie avicole, les deux plus grands d\u00e9fis pour les propri\u00e9taires d'exploitations sont la casse des \u0153ufs et l'augmentation des co\u00fbts de main-d'\u0153uvre. Chaque \u0153uf cass\u00e9 est un manque \u00e0 gagner, et chaque heure pass\u00e9e \u00e0 ramasser les \u0153ufs manuellement augmente les co\u00fbts d'exploitation.<\/p>\n\t\t<\/div>\n\t\t\n\t\t<a class=\"elementor-post__read-more\" href=\"https:\/\/fltchain.com\/fr\/how-automatic-egg-collecting-machines-can-reduce-breakage-rates-and-labor-costs\/\" aria-label=\"Read more about How Automatic Egg Collecting Machines Can Reduce Breakage Rates and Labor Costs\" tabindex=\"-1\" >\n\t\t\tLire plus \u00bb\t\t<\/a>\n\n\t\t\t\t<\/div>\n\t\t\t\t<\/article>\n\t\t\t\t<\/div>\n\t\t\n\t\t\t\t\t\t<\/div>\n\t\t\t\t<\/div>\n\t\t\t\t\t<\/div>\n\t\t\t\t<\/div>\n\t\t\t\t<\/div>","protected":false},"excerpt":{"rendered":"<p>Blog Home Blog<\/p>","protected":false},"author":1,"featured_media":0,"parent":0,"menu_order":0,"comment_status":"closed","ping_status":"closed","template":"elementor_header_footer","meta":{"_acf_changed":false,"footnotes":""},"class_list":["post-119","page","type-page","status-publish","hentry"],"acf":[],"yoast_head":"<!-- This site is optimized with the Yoast SEO plugin v27.5 - https:\/\/yoast.com\/product\/yoast-seo-wordpress\/ -->\n<title>Blog - WEIFANG FLT CHAIN CO., LTD.<\/title>\n<meta name=\"robots\" content=\"index, follow, max-snippet:-1, max-image-preview:large, max-video-preview:-1\" \/>\n<link rel=\"canonical\" href=\"https:\/\/fltchain.com\/fr\/blog\/\" \/>\n<meta property=\"og:locale\" content=\"fr_FR\" \/>\n<meta property=\"og:type\" content=\"article\" \/>\n<meta property=\"og:title\" content=\"Blog - WEIFANG FLT CHAIN CO., LTD.\" \/>\n<meta property=\"og:description\" content=\"Blog Home Blog\" \/>\n<meta property=\"og:url\" content=\"https:\/\/fltchain.com\/fr\/blog\/\" \/>\n<meta property=\"og:site_name\" content=\"WEIFANG FLT CHAIN CO., LTD.\" \/>\n<meta property=\"article:publisher\" content=\"https:\/\/www.facebook.com\/profile.php?id=61586118395122\" \/>\n<meta property=\"article:modified_time\" content=\"2025-12-19T00:30:57+00:00\" \/>\n<meta property=\"og:image\" content=\"https:\/\/fltchain.com\/wp-content\/uploads\/2025\/12\/FLT-Logo-1767566444-scaled.png\" \/>\n\t<meta property=\"og:image:width\" content=\"2560\" \/>\n\t<meta property=\"og:image:height\" content=\"853\" \/>\n\t<meta property=\"og:image:type\" content=\"image\/png\" \/>\n<meta name=\"twitter:card\" content=\"summary_large_image\" \/>\n<script type=\"application\/ld+json\" class=\"yoast-schema-graph\">{\"@context\":\"https:\\\/\\\/schema.org\",\"@graph\":[{\"@type\":\"WebPage\",\"@id\":\"https:\\\/\\\/fltchain.com\\\/blog\\\/\",\"url\":\"https:\\\/\\\/fltchain.com\\\/blog\\\/\",\"name\":\"Blog - WEIFANG FLT CHAIN CO., LTD.\",\"isPartOf\":{\"@id\":\"https:\\\/\\\/fltchain.com\\\/#website\"},\"datePublished\":\"2025-12-18T22:50:17+00:00\",\"dateModified\":\"2025-12-19T00:30:57+00:00\",\"breadcrumb\":{\"@id\":\"https:\\\/\\\/fltchain.com\\\/blog\\\/#breadcrumb\"},\"inLanguage\":\"fr-FR\",\"potentialAction\":[{\"@type\":\"ReadAction\",\"target\":[\"https:\\\/\\\/fltchain.com\\\/blog\\\/\"]}]},{\"@type\":\"BreadcrumbList\",\"@id\":\"https:\\\/\\\/fltchain.com\\\/blog\\\/#breadcrumb\",\"itemListElement\":[{\"@type\":\"ListItem\",\"position\":1,\"name\":\"Home\",\"item\":\"https:\\\/\\\/fltchain.com\\\/\"},{\"@type\":\"ListItem\",\"position\":2,\"name\":\"Blog\"}]},{\"@type\":\"WebSite\",\"@id\":\"https:\\\/\\\/fltchain.com\\\/#website\",\"url\":\"https:\\\/\\\/fltchain.com\\\/\",\"name\":\"WEIFANG FLT CHAIN CO., LTD\",\"description\":\"\",\"publisher\":{\"@id\":\"https:\\\/\\\/fltchain.com\\\/#organization\"},\"potentialAction\":[{\"@type\":\"SearchAction\",\"target\":{\"@type\":\"EntryPoint\",\"urlTemplate\":\"https:\\\/\\\/fltchain.com\\\/?s={search_term_string}\"},\"query-input\":{\"@type\":\"PropertyValueSpecification\",\"valueRequired\":true,\"valueName\":\"search_term_string\"}}],\"inLanguage\":\"fr-FR\"},{\"@type\":\"Organization\",\"@id\":\"https:\\\/\\\/fltchain.com\\\/#organization\",\"name\":\"WEIFANG FLT CHAIN CO., LTD\",\"url\":\"https:\\\/\\\/fltchain.com\\\/\",\"logo\":{\"@type\":\"ImageObject\",\"inLanguage\":\"fr-FR\",\"@id\":\"https:\\\/\\\/fltchain.com\\\/#\\\/schema\\\/logo\\\/image\\\/\",\"url\":\"https:\\\/\\\/fltchain.com\\\/wp-content\\\/uploads\\\/2025\\\/12\\\/FLT-Logo-1767566444-scaled.png\",\"contentUrl\":\"https:\\\/\\\/fltchain.com\\\/wp-content\\\/uploads\\\/2025\\\/12\\\/FLT-Logo-1767566444-scaled.png\",\"width\":2560,\"height\":853,\"caption\":\"WEIFANG FLT CHAIN CO., LTD\"},\"image\":{\"@id\":\"https:\\\/\\\/fltchain.com\\\/#\\\/schema\\\/logo\\\/image\\\/\"},\"sameAs\":[\"https:\\\/\\\/www.facebook.com\\\/profile.php?id=61586118395122\",\"https:\\\/\\\/linkedin.com\\\/company\\\/flt-chain\\\/?viewAsMember=true\"]}]}<\/script>\n<!-- \/ Yoast SEO plugin. -->","yoast_head_json":{"title":"Blog - WEIFANG FLT CHAIN CO., LTD.","robots":{"index":"index","follow":"follow","max-snippet":"max-snippet:-1","max-image-preview":"max-image-preview:large","max-video-preview":"max-video-preview:-1"},"canonical":"https:\/\/fltchain.com\/fr\/blog\/","og_locale":"fr_FR","og_type":"article","og_title":"Blog - WEIFANG FLT CHAIN CO., LTD.","og_description":"Blog Home Blog","og_url":"https:\/\/fltchain.com\/fr\/blog\/","og_site_name":"WEIFANG FLT CHAIN CO., LTD.","article_publisher":"https:\/\/www.facebook.com\/profile.php?id=61586118395122","article_modified_time":"2025-12-19T00:30:57+00:00","og_image":[{"width":2560,"height":853,"url":"https:\/\/fltchain.com\/wp-content\/uploads\/2025\/12\/FLT-Logo-1767566444-scaled.png","type":"image\/png"}],"twitter_card":"summary_large_image","schema":{"@context":"https:\/\/schema.org","@graph":[{"@type":"WebPage","@id":"https:\/\/fltchain.com\/blog\/","url":"https:\/\/fltchain.com\/blog\/","name":"Blog - WEIFANG FLT CHAIN CO., LTD.","isPartOf":{"@id":"https:\/\/fltchain.com\/#website"},"datePublished":"2025-12-18T22:50:17+00:00","dateModified":"2025-12-19T00:30:57+00:00","breadcrumb":{"@id":"https:\/\/fltchain.com\/blog\/#breadcrumb"},"inLanguage":"fr-FR","potentialAction":[{"@type":"ReadAction","target":["https:\/\/fltchain.com\/blog\/"]}]},{"@type":"BreadcrumbList","@id":"https:\/\/fltchain.com\/blog\/#breadcrumb","itemListElement":[{"@type":"ListItem","position":1,"name":"Home","item":"https:\/\/fltchain.com\/"},{"@type":"ListItem","position":2,"name":"Blog"}]},{"@type":"WebSite","@id":"https:\/\/fltchain.com\/#website","url":"https:\/\/fltchain.com\/","name":"WEIFANG FLT CHAIN CO, LTD","description":"","publisher":{"@id":"https:\/\/fltchain.com\/#organization"},"potentialAction":[{"@type":"SearchAction","target":{"@type":"EntryPoint","urlTemplate":"https:\/\/fltchain.com\/?s={search_term_string}"},"query-input":{"@type":"PropertyValueSpecification","valueRequired":true,"valueName":"search_term_string"}}],"inLanguage":"fr-FR"},{"@type":"Organization","@id":"https:\/\/fltchain.com\/#organization","name":"WEIFANG FLT CHAIN CO, LTD","url":"https:\/\/fltchain.com\/","logo":{"@type":"ImageObject","inLanguage":"fr-FR","@id":"https:\/\/fltchain.com\/#\/schema\/logo\/image\/","url":"https:\/\/fltchain.com\/wp-content\/uploads\/2025\/12\/FLT-Logo-1767566444-scaled.png","contentUrl":"https:\/\/fltchain.com\/wp-content\/uploads\/2025\/12\/FLT-Logo-1767566444-scaled.png","width":2560,"height":853,"caption":"WEIFANG FLT CHAIN CO., LTD"},"image":{"@id":"https:\/\/fltchain.com\/#\/schema\/logo\/image\/"},"sameAs":["https:\/\/www.facebook.com\/profile.php?id=61586118395122","https:\/\/linkedin.com\/company\/flt-chain\/?viewAsMember=true"]}]}},"_links":{"self":[{"href":"https:\/\/fltchain.com\/fr\/wp-json\/wp\/v2\/pages\/119","targetHints":{"allow":["GET"]}}],"collection":[{"href":"https:\/\/fltchain.com\/fr\/wp-json\/wp\/v2\/pages"}],"about":[{"href":"https:\/\/fltchain.com\/fr\/wp-json\/wp\/v2\/types\/page"}],"author":[{"embeddable":true,"href":"https:\/\/fltchain.com\/fr\/wp-json\/wp\/v2\/users\/1"}],"replies":[{"embeddable":true,"href":"https:\/\/fltchain.com\/fr\/wp-json\/wp\/v2\/comments?post=119"}],"version-history":[{"count":0,"href":"https:\/\/fltchain.com\/fr\/wp-json\/wp\/v2\/pages\/119\/revisions"}],"wp:attachment":[{"href":"https:\/\/fltchain.com\/fr\/wp-json\/wp\/v2\/media?parent=119"}],"curies":[{"name":"wp","href":"https:\/\/api.w.org\/{rel}","templated":true}]}}