{"id":451,"date":"2025-10-24T10:15:40","date_gmt":"2025-10-24T02:15:40","guid":{"rendered":"https:\/\/fltchain.com\/?page_id=451"},"modified":"2026-01-25T22:17:08","modified_gmt":"2026-01-25T14:17:08","slug":"privacy-policy","status":"publish","type":"page","link":"https:\/\/fltchain.com\/es\/privacy-policy\/","title":{"rendered":"Pol\u00edtica de privacidad"},"content":{"rendered":"<div data-elementor-type=\"wp-page\" data-elementor-id=\"451\" class=\"elementor elementor-451\" data-elementor-post-type=\"page\">\n\t\t\t\t\t\t<section class=\"elementor-section elementor-top-section elementor-element elementor-element-4856dde elementor-section-boxed elementor-section-height-default elementor-section-height-default\" data-id=\"4856dde\" data-element_type=\"section\" data-e-type=\"section\" data-settings=\"{&quot;background_background&quot;:&quot;classic&quot;,&quot;ekit_has_onepagescroll_dot&quot;:&quot;yes&quot;}\">\n\t\t\t\t\t\t\t<div class=\"elementor-background-overlay\"><\/div>\n\t\t\t\t\t\t\t<div class=\"elementor-container elementor-column-gap-default\">\n\t\t\t\t\t<div class=\"elementor-column elementor-col-50 elementor-top-column elementor-element elementor-element-56527afa\" data-id=\"56527afa\" data-element_type=\"column\" data-e-type=\"column\">\n\t\t\t<div class=\"elementor-widget-wrap elementor-element-populated\">\n\t\t\t\t\t\t<div class=\"elementor-element elementor-element-7509b691 animated-fast elementor-invisible elementor-widget elementor-widget-heading\" data-id=\"7509b691\" data-element_type=\"widget\" data-e-type=\"widget\" data-settings=\"{&quot;_animation&quot;:&quot;fadeInLeft&quot;,&quot;ekit_we_effect_on&quot;:&quot;none&quot;}\" data-widget_type=\"heading.default\">\n\t\t\t\t\t<h1 class=\"elementor-heading-title elementor-size-default\">Pol\u00edtica de privacidad<\/h1>\t\t\t\t<\/div>\n\t\t\t\t\t<\/div>\n\t\t<\/div>\n\t\t\t\t<div class=\"elementor-column elementor-col-50 elementor-top-column elementor-element elementor-element-1e8f6da9\" data-id=\"1e8f6da9\" data-element_type=\"column\" data-e-type=\"column\">\n\t\t\t<div class=\"elementor-widget-wrap elementor-element-populated\">\n\t\t\t\t\t\t<div class=\"elementor-element elementor-element-6bfdbb72 elementor-icon-list--layout-inline elementor-widget__width-auto elementor-list-item-link-full_width elementor-widget elementor-widget-icon-list\" data-id=\"6bfdbb72\" data-element_type=\"widget\" data-e-type=\"widget\" data-settings=\"{&quot;_animation&quot;:&quot;none&quot;,&quot;ekit_we_effect_on&quot;:&quot;none&quot;}\" data-widget_type=\"icon-list.default\">\n\t\t\t\t\t\t\t<ul class=\"elementor-icon-list-items elementor-inline-items\">\n\t\t\t\t\t\t\t<li class=\"elementor-icon-list-item elementor-inline-item\">\n\t\t\t\t\t\t\t\t\t\t\t<a href=\"https:\/\/fltchain.com\/es\">\n\n\t\t\t\t\t\t\t\t\t\t\t<span class=\"elementor-icon-list-text\">Inicio<\/span>\n\t\t\t\t\t\t\t\t\t\t\t<\/a>\n\t\t\t\t\t\t\t\t\t<\/li>\n\t\t\t\t\t\t\t\t<li class=\"elementor-icon-list-item elementor-inline-item\">\n\t\t\t\t\t\t\t\t\t\t\t<span class=\"elementor-icon-list-icon\">\n\t\t\t\t\t\t\t<i aria-hidden=\"true\" class=\"el el-chevron-right\"><\/i>\t\t\t\t\t\t<\/span>\n\t\t\t\t\t\t\t\t\t\t<span class=\"elementor-icon-list-text\">Pol\u00edtica de privacidad<\/span>\n\t\t\t\t\t\t\t\t\t<\/li>\n\t\t\t\t\t\t<\/ul>\n\t\t\t\t\t\t<\/div>\n\t\t\t\t\t<\/div>\n\t\t<\/div>\n\t\t\t\t\t<\/div>\n\t\t<\/section>\n\t\t<div class=\"elementor-element elementor-element-1a4c0e8 e-flex e-con-boxed e-con e-parent\" data-id=\"1a4c0e8\" data-element_type=\"container\" data-e-type=\"container\" data-settings=\"{&quot;ekit_has_onepagescroll_dot&quot;:&quot;yes&quot;}\">\n\t\t\t\t\t<div class=\"e-con-inner\">\n\t\t\t\t<div class=\"elementor-element elementor-element-ccf418a elementor-widget elementor-widget-text-editor\" data-id=\"ccf418a\" data-element_type=\"widget\" data-e-type=\"widget\" data-settings=\"{&quot;ekit_we_effect_on&quot;:&quot;none&quot;}\" data-widget_type=\"text-editor.default\">\n\t\t\t\t\t\t\t\t\t<p>En WEIFANG FLT CHAIN, accesible desde fltchain.com, una de nuestras principales prioridades es la privacidad de nuestros visitantes. Este documento de Pol\u00edtica de Privacidad contiene los tipos de informaci\u00f3n que WEIFANG FLT CHAIN recoge y registra y c\u00f3mo la utilizamos.<\/p><p>Si tiene m\u00e1s preguntas o necesita m\u00e1s informaci\u00f3n sobre nuestra Pol\u00edtica de Privacidad, no dude en ponerse en contacto con nosotros.<\/p><p>Esta pol\u00edtica de privacidad se aplica \u00fanicamente a nuestras actividades en l\u00ednea y es v\u00e1lida para los visitantes de nuestro sitio web con respecto a la informaci\u00f3n que compartieron y\/o recopilan en WEIFANG FLT CHAIN. Esta pol\u00edtica no es aplicable a ninguna informaci\u00f3n recopilada fuera de l\u00ednea o a trav\u00e9s de canales distintos de este sitio web. Nuestra Pol\u00edtica de Privacidad fue creada con la ayuda del Generador Gratuito de Pol\u00edticas de Privacidad.<\/p><p>Consentimiento<\/p><p>Al utilizar nuestro sitio web, usted acepta nuestra Pol\u00edtica de privacidad y est\u00e1 de acuerdo con sus t\u00e9rminos.<\/p><p>Informaci\u00f3n que recopilamos<\/p><p>La informaci\u00f3n personal que se le pide y las razones por las que se le pide se le explicar\u00e1n claramente en el momento en que le pidamos que proporcione su informaci\u00f3n personal.<\/p><p>Si se pone en contacto con nosotros directamente, podemos recibir informaci\u00f3n adicional sobre usted, como su nombre, direcci\u00f3n de correo electr\u00f3nico, n\u00famero de tel\u00e9fono, el contenido del mensaje y\/o los archivos adjuntos que nos env\u00ede y cualquier otra informaci\u00f3n que decida facilitarnos.<\/p><p>Cuando se registra para obtener una Cuenta, podemos pedirle su informaci\u00f3n de contacto, incluidos datos como el nombre, el nombre de la empresa, la direcci\u00f3n, la direcci\u00f3n de correo electr\u00f3nico y el n\u00famero de tel\u00e9fono.<\/p><p>C\u00f3mo utilizamos su informaci\u00f3n<\/p><p>Utilizamos la informaci\u00f3n que recopilamos de varias formas, entre ellas para:<br \/>- Proporcionar, operar y mantener nuestro sitio web<br \/>- Mejorar, personalizar y ampliar nuestro sitio web<br \/>- Comprender y analizar c\u00f3mo utiliza nuestro sitio web<br \/>- Desarrollar nuevos productos, servicios, caracter\u00edsticas y funcionalidades<br \/>- Comunicarnos con usted, ya sea directamente o a trav\u00e9s de uno de nuestros socios, por ejemplo con fines de atenci\u00f3n al cliente, para proporcionarle actualizaciones y otra informaci\u00f3n relacionada con el sitio web, y con fines promocionales y de marketing.<br \/>- Enviarle correos electr\u00f3nicos<br \/>- Detectar y prevenir el fraude<\/p><p>Archivos de registro<\/p><p>WEIFANG FLT CHAIN sigue un procedimiento est\u00e1ndar de utilizaci\u00f3n de archivos de registro. Estos archivos registran a los visitantes cuando visitan los sitios web. Todas las empresas de alojamiento lo hacen y forman parte de los an\u00e1lisis de los servicios de alojamiento. La informaci\u00f3n recogida por los archivos de registro incluye direcciones de protocolo de Internet (IP), tipo de navegador, proveedor de servicios de Internet (ISP), fecha y hora, p\u00e1ginas de referencia\/salida y, posiblemente, el n\u00famero de clics. Estos datos no est\u00e1n vinculados a ninguna informaci\u00f3n que permita la identificaci\u00f3n personal. El prop\u00f3sito de la informaci\u00f3n es analizar tendencias, administrar el sitio, rastrear los movimientos de los usuarios en el sitio web y recopilar informaci\u00f3n demogr\u00e1fica.<\/p><p>Cookies y balizas web<\/p><p>Como cualquier otro sitio web, WEIFANG FLT CHAIN utiliza \u2018cookies\u2019. Estas cookies se utilizan para almacenar informaci\u00f3n, incluidas las preferencias de los visitantes y las p\u00e1ginas del sitio web a las que el visitante accedi\u00f3 o visit\u00f3. La informaci\u00f3n se utiliza para optimizar la experiencia de los usuarios personalizando el contenido de nuestra p\u00e1gina web en funci\u00f3n del tipo de navegador de los visitantes y\/u otra informaci\u00f3n.<\/p><p>Para obtener m\u00e1s informaci\u00f3n general sobre las cookies, lea el art\u00edculo sobre cookies en el sitio web de Pol\u00edtica de privacidad de Generate.<\/p><p>Nuestros socios publicitarios<\/p><p>Algunos de los anunciantes de nuestro sitio pueden utilizar cookies y balizas web. A continuaci\u00f3n se enumeran nuestros socios publicitarios. Cada uno de nuestros socios publicitarios tiene su propia Pol\u00edtica de Privacidad para sus pol\u00edticas sobre los datos del usuario. Para facilitar el acceso, a continuaci\u00f3n incluimos un hiperv\u00ednculo a sus Pol\u00edticas de Privacidad.<\/p><ul><li><a href=\"https:\/\/policies.google.com\/technologies\/ads\">Google<\/a><\/li><\/ul><p>Socios publicitarios Pol\u00edticas de privacidad<\/p><p>Puede consultar esta lista para encontrar la Pol\u00edtica de Privacidad de cada uno de los socios publicitarios de WEIFANG FLT CHAIN.<\/p><p>Los servidores o redes publicitarias de terceros utilizan tecnolog\u00edas como cookies, JavaScript o balizas web que se emplean en sus respectivos anuncios y enlaces que aparecen en WEIFANG FLT CHAIN y que se env\u00edan directamente al navegador de los usuarios. Cuando esto ocurre, reciben autom\u00e1ticamente su direcci\u00f3n IP. Estas tecnolog\u00edas se utilizan para medir la eficacia de sus campa\u00f1as publicitarias y\/o para personalizar el contenido publicitario que usted ve en los sitios web que visita.<\/p><p>Tenga en cuenta que WEIFANG FLT CHAIN no tiene acceso ni control sobre estas cookies que son utilizadas por terceros anunciantes.<\/p><p>Pol\u00edticas de privacidad de terceros<\/p><p>La Pol\u00edtica de Privacidad de WEIFANG FLT CHAIN no se aplica a otros anunciantes o sitios web. Por lo tanto, le aconsejamos que consulte las respectivas Pol\u00edticas de Privacidad de estos servidores de anuncios de terceros para obtener informaci\u00f3n m\u00e1s detallada. Puede incluir sus pr\u00e1cticas e instrucciones sobre c\u00f3mo optar por no participar en ciertas opciones.<\/p><p>Puede optar por desactivar las cookies a trav\u00e9s de las opciones individuales de su navegador. Para conocer informaci\u00f3n m\u00e1s detallada sobre la gesti\u00f3n de cookies con navegadores web espec\u00edficos, puede consultarse en los sitios web respectivos de los navegadores.<\/p><p>Derechos de privacidad CCPA (No vender mi informaci\u00f3n personal)<\/p><p>En virtud de la CCPA, entre otros derechos, los consumidores de California tienen derecho a:<br \/>Solicitar que una empresa que recopila datos personales de un consumidor revele las categor\u00edas y los datos personales espec\u00edficos que ha recopilado sobre los consumidores.<br \/>Solicitar que una empresa elimine cualquier dato personal sobre el consumidor que haya recopilado.<\/p><p>Solicitar que una empresa que vende datos personales de un consumidor, no venda los datos personales del consumidor.<\/p><p>Si realiza una solicitud, disponemos de un mes para responderle. Si desea ejercer alguno de estos derechos, p\u00f3ngase en contacto con nosotros.<\/p><p>Derechos de protecci\u00f3n de datos GDPR<\/p><p>Queremos asegurarnos de que conoce todos sus derechos en materia de protecci\u00f3n de datos. Todo usuario tiene derecho a lo siguiente:<\/p><p>Derecho de acceso - Tiene derecho a solicitar copias de sus datos personales. Es posible que le cobremos una peque\u00f1a cantidad por este servicio.<\/p><p>Derecho de rectificaci\u00f3n - Tiene derecho a solicitar que corrijamos cualquier informaci\u00f3n que considere inexacta. Tambi\u00e9n tiene derecho a solicitar que completemos la informaci\u00f3n que considere incompleta.<\/p><p>Derecho de supresi\u00f3n - Tiene derecho a solicitar que borremos sus datos personales, en determinadas condiciones.<\/p><p>Derecho a restringir el tratamiento - Tiene derecho a solicitar que restrinjamos el tratamiento de sus datos personales, en determinadas condiciones.<\/p><p>Derecho a oponerse al tratamiento - Usted tiene derecho a oponerse al tratamiento de sus datos personales por nuestra parte, en determinadas condiciones.<\/p><p>Derecho a la portabilidad de los datos - Tiene derecho a solicitar que transfiramos los datos que hemos recopilado a otra organizaci\u00f3n, o directamente a usted, en determinadas condiciones.<br \/>Si realiza una solicitud, disponemos de un mes para responderle. Si desea ejercer alguno de estos derechos, p\u00f3ngase en contacto con nosotros.<\/p><p>Informaci\u00f3n infantil<\/p><p>Otra parte de nuestra prioridad es a\u00f1adir protecci\u00f3n para los ni\u00f1os mientras usan internet. Animamos a padres y tutores a que observen, participen y\/o supervisen y gu\u00eden su actividad en l\u00ednea.<\/p><p>WEIFANG FLT CHAIN no recopila conscientemente ninguna Informaci\u00f3n de Identificaci\u00f3n Personal de ni\u00f1os menores de 13. Si cree que su hijo proporcion\u00f3 este tipo de informaci\u00f3n en nuestro sitio web, le recomendamos encarecidamente que se ponga en contacto con nosotros inmediatamente y haremos todo lo posible para eliminar r\u00e1pidamente dicha informaci\u00f3n de nuestros registros.<\/p>\t\t\t\t\t\t\t\t<\/div>\n\t\t\t\t\t<\/div>\n\t\t\t\t<\/div>\n\t\t\t\t<\/div>","protected":false},"excerpt":{"rendered":"<p>Home At WEIFANG FLT CHAIN, accessible from fltchain.com, one of our main priorities is the privacy of our visitors. This Privacy Policy document contains types of information that is collected and recorded by WEIFANG FLT CHAIN and how we use it. If you have additional questions or require more information about our Privacy Policy, do [&hellip;]<\/p>\n","protected":false},"author":1,"featured_media":0,"parent":0,"menu_order":0,"comment_status":"closed","ping_status":"closed","template":"elementor_header_footer","meta":{"_acf_changed":false,"footnotes":""},"class_list":["post-451","page","type-page","status-publish","hentry"],"acf":[],"yoast_head":"<!-- This site is optimized with the Yoast SEO plugin v27.5 - https:\/\/yoast.com\/product\/yoast-seo-wordpress\/ -->\n<title>Privacy Policy - WEIFANG FLT CHAIN CO., LTD.<\/title>\n<meta name=\"robots\" content=\"index, follow, max-snippet:-1, max-image-preview:large, max-video-preview:-1\" \/>\n<link rel=\"canonical\" href=\"https:\/\/fltchain.com\/es\/privacy-policy\/\" \/>\n<meta property=\"og:locale\" content=\"es_ES\" \/>\n<meta property=\"og:type\" content=\"article\" \/>\n<meta property=\"og:title\" content=\"Privacy Policy - WEIFANG FLT CHAIN CO., LTD.\" \/>\n<meta property=\"og:description\" content=\"Home At WEIFANG FLT CHAIN, accessible from fltchain.com, one of our main priorities is the privacy of our visitors. This Privacy Policy document contains types of information that is collected and recorded by WEIFANG FLT CHAIN and how we use it. If you have additional questions or require more information about our Privacy Policy, do [&hellip;]\" \/>\n<meta property=\"og:url\" content=\"https:\/\/fltchain.com\/es\/privacy-policy\/\" \/>\n<meta property=\"og:site_name\" content=\"WEIFANG FLT CHAIN CO., LTD.\" \/>\n<meta property=\"article:publisher\" content=\"https:\/\/www.facebook.com\/profile.php?id=61586118395122\" \/>\n<meta property=\"article:modified_time\" content=\"2026-01-25T14:17:08+00:00\" \/>\n<meta property=\"og:image\" content=\"https:\/\/fltchain.com\/wp-content\/uploads\/2025\/12\/FLT-Logo-1767566444-scaled.png\" \/>\n\t<meta property=\"og:image:width\" content=\"2560\" \/>\n\t<meta property=\"og:image:height\" content=\"853\" \/>\n\t<meta property=\"og:image:type\" content=\"image\/png\" \/>\n<meta name=\"twitter:card\" content=\"summary_large_image\" \/>\n<meta name=\"twitter:label1\" content=\"Tiempo de lectura\" \/>\n\t<meta name=\"twitter:data1\" content=\"6 minutos\" \/>\n<script type=\"application\/ld+json\" class=\"yoast-schema-graph\">{\"@context\":\"https:\\\/\\\/schema.org\",\"@graph\":[{\"@type\":\"WebPage\",\"@id\":\"https:\\\/\\\/fltchain.com\\\/privacy-policy\\\/\",\"url\":\"https:\\\/\\\/fltchain.com\\\/privacy-policy\\\/\",\"name\":\"Privacy Policy - WEIFANG FLT CHAIN CO., LTD.\",\"isPartOf\":{\"@id\":\"https:\\\/\\\/fltchain.com\\\/#website\"},\"datePublished\":\"2025-10-24T02:15:40+00:00\",\"dateModified\":\"2026-01-25T14:17:08+00:00\",\"breadcrumb\":{\"@id\":\"https:\\\/\\\/fltchain.com\\\/privacy-policy\\\/#breadcrumb\"},\"inLanguage\":\"es\",\"potentialAction\":[{\"@type\":\"ReadAction\",\"target\":[\"https:\\\/\\\/fltchain.com\\\/privacy-policy\\\/\"]}]},{\"@type\":\"BreadcrumbList\",\"@id\":\"https:\\\/\\\/fltchain.com\\\/privacy-policy\\\/#breadcrumb\",\"itemListElement\":[{\"@type\":\"ListItem\",\"position\":1,\"name\":\"Home\",\"item\":\"https:\\\/\\\/fltchain.com\\\/\"},{\"@type\":\"ListItem\",\"position\":2,\"name\":\"Privacy Policy\"}]},{\"@type\":\"WebSite\",\"@id\":\"https:\\\/\\\/fltchain.com\\\/#website\",\"url\":\"https:\\\/\\\/fltchain.com\\\/\",\"name\":\"WEIFANG FLT CHAIN CO., LTD\",\"description\":\"\",\"publisher\":{\"@id\":\"https:\\\/\\\/fltchain.com\\\/#organization\"},\"potentialAction\":[{\"@type\":\"SearchAction\",\"target\":{\"@type\":\"EntryPoint\",\"urlTemplate\":\"https:\\\/\\\/fltchain.com\\\/?s={search_term_string}\"},\"query-input\":{\"@type\":\"PropertyValueSpecification\",\"valueRequired\":true,\"valueName\":\"search_term_string\"}}],\"inLanguage\":\"es\"},{\"@type\":\"Organization\",\"@id\":\"https:\\\/\\\/fltchain.com\\\/#organization\",\"name\":\"WEIFANG FLT CHAIN CO., LTD\",\"url\":\"https:\\\/\\\/fltchain.com\\\/\",\"logo\":{\"@type\":\"ImageObject\",\"inLanguage\":\"es\",\"@id\":\"https:\\\/\\\/fltchain.com\\\/#\\\/schema\\\/logo\\\/image\\\/\",\"url\":\"https:\\\/\\\/fltchain.com\\\/wp-content\\\/uploads\\\/2025\\\/12\\\/FLT-Logo-1767566444-scaled.png\",\"contentUrl\":\"https:\\\/\\\/fltchain.com\\\/wp-content\\\/uploads\\\/2025\\\/12\\\/FLT-Logo-1767566444-scaled.png\",\"width\":2560,\"height\":853,\"caption\":\"WEIFANG FLT CHAIN CO., LTD\"},\"image\":{\"@id\":\"https:\\\/\\\/fltchain.com\\\/#\\\/schema\\\/logo\\\/image\\\/\"},\"sameAs\":[\"https:\\\/\\\/www.facebook.com\\\/profile.php?id=61586118395122\",\"https:\\\/\\\/linkedin.com\\\/company\\\/flt-chain\\\/?viewAsMember=true\"]}]}<\/script>\n<!-- \/ Yoast SEO plugin. -->","yoast_head_json":{"title":"Privacy Policy - WEIFANG FLT CHAIN CO., LTD.","robots":{"index":"index","follow":"follow","max-snippet":"max-snippet:-1","max-image-preview":"max-image-preview:large","max-video-preview":"max-video-preview:-1"},"canonical":"https:\/\/fltchain.com\/es\/privacy-policy\/","og_locale":"es_ES","og_type":"article","og_title":"Privacy Policy - WEIFANG FLT CHAIN CO., LTD.","og_description":"Home At WEIFANG FLT CHAIN, accessible from fltchain.com, one of our main priorities is the privacy of our visitors. This Privacy Policy document contains types of information that is collected and recorded by WEIFANG FLT CHAIN and how we use it. If you have additional questions or require more information about our Privacy Policy, do [&hellip;]","og_url":"https:\/\/fltchain.com\/es\/privacy-policy\/","og_site_name":"WEIFANG FLT CHAIN CO., LTD.","article_publisher":"https:\/\/www.facebook.com\/profile.php?id=61586118395122","article_modified_time":"2026-01-25T14:17:08+00:00","og_image":[{"width":2560,"height":853,"url":"https:\/\/fltchain.com\/wp-content\/uploads\/2025\/12\/FLT-Logo-1767566444-scaled.png","type":"image\/png"}],"twitter_card":"summary_large_image","twitter_misc":{"Tiempo de lectura":"6 minutos"},"schema":{"@context":"https:\/\/schema.org","@graph":[{"@type":"WebPage","@id":"https:\/\/fltchain.com\/privacy-policy\/","url":"https:\/\/fltchain.com\/privacy-policy\/","name":"Privacy Policy - WEIFANG FLT CHAIN CO., LTD.","isPartOf":{"@id":"https:\/\/fltchain.com\/#website"},"datePublished":"2025-10-24T02:15:40+00:00","dateModified":"2026-01-25T14:17:08+00:00","breadcrumb":{"@id":"https:\/\/fltchain.com\/privacy-policy\/#breadcrumb"},"inLanguage":"es","potentialAction":[{"@type":"ReadAction","target":["https:\/\/fltchain.com\/privacy-policy\/"]}]},{"@type":"BreadcrumbList","@id":"https:\/\/fltchain.com\/privacy-policy\/#breadcrumb","itemListElement":[{"@type":"ListItem","position":1,"name":"Home","item":"https:\/\/fltchain.com\/"},{"@type":"ListItem","position":2,"name":"Privacy Policy"}]},{"@type":"WebSite","@id":"https:\/\/fltchain.com\/#website","url":"https:\/\/fltchain.com\/","name":"WEIFANG FLT CHAIN CO., LTD","description":"","publisher":{"@id":"https:\/\/fltchain.com\/#organization"},"potentialAction":[{"@type":"SearchAction","target":{"@type":"EntryPoint","urlTemplate":"https:\/\/fltchain.com\/?s={search_term_string}"},"query-input":{"@type":"PropertyValueSpecification","valueRequired":true,"valueName":"search_term_string"}}],"inLanguage":"es"},{"@type":"Organization","@id":"https:\/\/fltchain.com\/#organization","name":"WEIFANG FLT CHAIN CO., LTD","url":"https:\/\/fltchain.com\/","logo":{"@type":"ImageObject","inLanguage":"es","@id":"https:\/\/fltchain.com\/#\/schema\/logo\/image\/","url":"https:\/\/fltchain.com\/wp-content\/uploads\/2025\/12\/FLT-Logo-1767566444-scaled.png","contentUrl":"https:\/\/fltchain.com\/wp-content\/uploads\/2025\/12\/FLT-Logo-1767566444-scaled.png","width":2560,"height":853,"caption":"WEIFANG FLT CHAIN CO., LTD"},"image":{"@id":"https:\/\/fltchain.com\/#\/schema\/logo\/image\/"},"sameAs":["https:\/\/www.facebook.com\/profile.php?id=61586118395122","https:\/\/linkedin.com\/company\/flt-chain\/?viewAsMember=true"]}]}},"_links":{"self":[{"href":"https:\/\/fltchain.com\/es\/wp-json\/wp\/v2\/pages\/451","targetHints":{"allow":["GET"]}}],"collection":[{"href":"https:\/\/fltchain.com\/es\/wp-json\/wp\/v2\/pages"}],"about":[{"href":"https:\/\/fltchain.com\/es\/wp-json\/wp\/v2\/types\/page"}],"author":[{"embeddable":true,"href":"https:\/\/fltchain.com\/es\/wp-json\/wp\/v2\/users\/1"}],"replies":[{"embeddable":true,"href":"https:\/\/fltchain.com\/es\/wp-json\/wp\/v2\/comments?post=451"}],"version-history":[{"count":0,"href":"https:\/\/fltchain.com\/es\/wp-json\/wp\/v2\/pages\/451\/revisions"}],"wp:attachment":[{"href":"https:\/\/fltchain.com\/es\/wp-json\/wp\/v2\/media?parent=451"}],"curies":[{"name":"wp","href":"https:\/\/api.w.org\/{rel}","templated":true}]}}